{"id":664,"date":"2025-05-11T07:35:38","date_gmt":"2025-05-11T04:35:38","guid":{"rendered":"https:\/\/www.smachco.com\/?page_id=664"},"modified":"2025-05-11T07:35:41","modified_gmt":"2025-05-11T04:35:41","slug":"planta-trituradora-de-piedra-cribado","status":"publish","type":"page","link":"https:\/\/www.smachco.com\/es\/planta-trituradora-de-piedra-cribado\/","title":{"rendered":"Stone Crushing &amp; Screening Plants for Mining and Construction"},"content":{"rendered":"<h2 class=\"wp-block-heading\">Plantas trituradoras que construyen naciones - SMACHCO suministra las m\u00e1quinas que hay detr\u00e1s de las infraestructuras<\/h2>\n\n\n\n<p>\u00bfQuiere construir una carretera, un aeropuerto, un ferrocarril o una presa? Todo empieza con <strong>piedra triturada<\/strong>. \u00bfBusca una planta trituradora de piedra completa pero no sabe por d\u00f3nde empezar?<\/p>\n\n\n\n<p>En SMACHCO, no nos limitamos a suministrar trituradoras de piedra, sino que ofrecemos <strong>plantas completas de trituraci\u00f3n y cribado<\/strong>Predise\u00f1ado para <strong>producci\u00f3n de \u00e1ridos de alto rendimiento<\/strong>adaptada a la realidad de <strong>Mercados de \u00c1frica, Oriente Medio, Asia Central y Am\u00e9rica Latina<\/strong>.<\/p>\n\n\n\n<p>Tanto si eres un <strong>contratista civil<\/strong>, <strong>propietario de la cantera<\/strong>, <strong>central de hormig\u00f3n<\/strong>o <strong>inversor minero<\/strong>Dise\u00f1amos sistemas que funcionan de forma fiable en condiciones adversas y los enviamos a cualquier parte del mundo. <strong>CIF a Conakry, Lagos, Basora, Luanda, Karachi y m\u00e1s all\u00e1.<\/strong><\/p>\n\n\n\n<figure class=\"wp-block-image aligncenter size-full\"><img loading=\"lazy\" decoding=\"async\" width=\"615\" height=\"410\" src=\"https:\/\/www.smachco.com\/wp-content\/uploads\/2025\/05\/Crushing-and-Screening-Systems-for-Mining-and-Construction.png\" alt=\"\" class=\"wp-image-645\" srcset=\"https:\/\/www.smachco.com\/wp-content\/uploads\/2025\/05\/Crushing-and-Screening-Systems-for-Mining-and-Construction.png 615w, https:\/\/www.smachco.com\/wp-content\/uploads\/2025\/05\/Crushing-and-Screening-Systems-for-Mining-and-Construction-300x200.png 300w, https:\/\/www.smachco.com\/wp-content\/uploads\/2025\/05\/Crushing-and-Screening-Systems-for-Mining-and-Construction-600x400.png 600w\" sizes=\"auto, (max-width: 615px) 100vw, 615px\" \/><\/figure>\n\n\n\n<h2 class=\"wp-block-heading\">\u00bfQu\u00e9 es una planta trituradora de piedra?<\/h2>\n\n\n\n<p>A <strong>planta trituradora de piedra<\/strong> es una instalaci\u00f3n industrial que tritura grandes rocas (granito, basalto, caliza) en fracciones m\u00e1s peque\u00f1as como 0-5 mm, 5-15 mm, 15-25 mm. Normalmente incluye:<\/p>\n\n\n\n<ul class=\"wp-block-list\">\n<li><strong>Trituradoras de mand\u00edbulas<\/strong> - para la trituraci\u00f3n primaria de piedras grandes<\/li>\n\n\n\n<li><strong>Trituradoras de cono (hidr\u00e1ulicas)<\/strong> - para reducci\u00f3n secundaria y moldeado de precisi\u00f3n<\/li>\n\n\n\n<li><strong>Trituradoras de impacto<\/strong> - para finos o mezclas de granulometr\u00eda espec\u00edfica<\/li>\n\n\n\n<li><strong>Cribas vibratorias<\/strong> - 2, 3 \u00f3 4 pisos en funci\u00f3n de las necesidades de producci\u00f3n<\/li>\n\n\n\n<li><strong>Cintas transportadoras<\/strong>, <strong>Tolvas de alimentaci\u00f3n<\/strong>, <strong>Estructura de acero<\/strong>, <strong>Sistemas de control del polvo<\/strong><\/li>\n<\/ul>\n\n\n\n<p>Todas las l\u00edneas de trituraci\u00f3n SMACHCO vienen con cuadros el\u00e9ctricos (Siemens\/Schneider\/ABB o de grado), tolvas revestidas de Hardox y kits de piezas de repuesto.<\/p>\n\n\n\n<h2 class=\"wp-block-heading\">Configuraciones de plantas trituradoras de piedra<\/h2>\n\n\n\n<p>Suministramos m\u00e1quinas trituradoras de piedra en m\u00faltiples opciones de disposici\u00f3n en funci\u00f3n de sus necesidades:<\/p>\n\n\n\n<h4 class=\"wp-block-heading\">\ud83c\udd50 Planta trituradora estacionaria<\/h4>\n\n\n\n<ul class=\"wp-block-list\">\n<li><strong>100-500 TPH de producci\u00f3n de \u00e1ridos<\/strong> (Podemos aumentar la capacidad sin problema)<\/li>\n\n\n\n<li>Cimentaci\u00f3n fija, estructura de acero, funcionamiento a largo plazo<\/li>\n\n\n\n<li>Ideal para contratistas gubernamentales, plantas de hormig\u00f3n, ampliaciones de canteras regionales<\/li>\n<\/ul>\n\n\n\n<h4 class=\"wp-block-heading\">Planta trituradora m\u00f3vil (montada sobre orugas o sobre patines)<\/h4>\n\n\n\n<ul class=\"wp-block-list\">\n<li>Ideal para proyectos con ubicaciones temporales u obras civiles limitadas<\/li>\n\n\n\n<li>Opciones de motor di\u00e9sel o h\u00edbrido el\u00e9ctrico<\/li>\n\n\n\n<li>Capacidades: <strong>80-250 TPH<\/strong> (Podemos aumentar la capacidad sin problema)<\/li>\n<\/ul>\n\n\n\n<h4 class=\"wp-block-heading\">\ud83c\udd52 Sistemas modulares semim\u00f3viles<\/h4>\n\n\n\n<ul class=\"wp-block-list\">\n<li>Soluci\u00f3n h\u00edbrida: patines prefabricados + plataformas de acero atornilladas<\/li>\n\n\n\n<li><strong>Exportaci\u00f3n r\u00e1pida<\/strong> (exportamos CIF con contenedores 40HC)<\/li>\n\n\n\n<li>Montaje completo del sistema en <strong>10-15 d\u00edas laborables in situ<\/strong><\/li>\n<\/ul>\n\n\n\n<h2 class=\"wp-block-heading\">\u00bfQu\u00e9 puede producir?<\/h2>\n\n\n\n<p>Nuestros clientes suelen producir:<\/p>\n\n\n\n<figure class=\"wp-block-table\"><table class=\"has-fixed-layout\"><thead><tr><th>Tama\u00f1o de salida<\/th><th>Caso pr\u00e1ctico<\/th><\/tr><\/thead><tbody><tr><td>0-5 mm<\/td><td>Plantas de asfalto, arena de hormig\u00f3n<\/td><\/tr><tr><td>5-15 mm<\/td><td>Hormig\u00f3n premezclado<\/td><\/tr><tr><td>15-25 mm<\/td><td>Base para carreteras, balasto ferroviario<\/td><\/tr><tr><td>+25 mm (sobredimensionado)<\/td><td>Re triturado o vendido a f\u00e1bricas de ladrillos<\/td><\/tr><\/tbody><\/table><\/figure>\n\n\n\n<h2 class=\"wp-block-heading\">\u00bfPor qu\u00e9 elegir SMACHCO?<\/h2>\n\n\n\n<p>SMACHCO no es s\u00f3lo un distribuidor de m\u00e1quinas trituradoras de piedra. Somos una <strong>empresa global de suministro de maquinaria industrial<\/strong> que act\u00faa como su:<\/p>\n\n\n\n<ul class=\"wp-block-list\">\n<li>\u2705 Consultor t\u00e9cnico<\/li>\n\n\n\n<li>Proveedor de maquinaria<\/li>\n\n\n\n<li>\u2705 Coordinador de carga<\/li>\n\n\n\n<li>Gestor de proyectos<\/li>\n<\/ul>\n\n\n\n<p>Nosotros <strong>hable con la f\u00e1brica<\/strong>Comprobamos la carga, nos ocupamos del papeleo y le garantizamos m\u00e1quinas que funcionan.<\/p>\n\n\n\n<p>\ud83d\udfe2 Ofrecemos m\u00e1quinas que funcionan.<br>\ud83d\udfe2 Ofrecemos dise\u00f1os que fluyen.<br>\ud83d\udfe2 Ofrecemos precios que se adaptan a tu ambici\u00f3n.<\/p>\n\n\n<div id=\"rank-math-faq\" class=\"rank-math-block\">\n<div class=\"rank-math-list\">\n<div id=\"faq-question-1746936949410\" class=\"rank-math-list-item\">\n<h3 class=\"rank-math-question\">\u00bfPuedo utilizar su planta para el granito?<\/h3>\n<div class=\"rank-math-answer\">\n\n<p>S\u00ed, suministramos <strong>mand\u00edbula + cono<\/strong> combinaciones adecuadas para rocas de gran dureza como el granito y el basalto.<\/p>\n\n<\/div>\n<\/div>\n<div id=\"faq-question-1746936972220\" class=\"rank-math-list-item\">\n<h3 class=\"rank-math-question\">\u00bfOfrecen trituradoras de piedra m\u00f3viles?<\/h3>\n<div class=\"rank-math-answer\">\n\n<p>S\u00ed, tenemos ambos <strong>sobre orugas<\/strong> y <strong>montado en remolque<\/strong> modelos. Pregunte por la disposici\u00f3n m\u00f3vil.<\/p>\n\n<\/div>\n<\/div>\n<div id=\"faq-question-1746936989709\" class=\"rank-math-list-item\">\n<h3 class=\"rank-math-question\">\u00bfPuedo pagar a plazos?<\/h3>\n<div class=\"rank-math-answer\">\n\n<p>La mayor\u00eda de los pedidos son <strong>100% pago anticipado a SMACHCO<\/strong>pero los proyectos de mayor envergadura pueden permitir plazos por hitos.<\/p>\n\n<\/div>\n<\/div>\n<div id=\"faq-question-1746937010397\" class=\"rank-math-list-item\">\n<h3 class=\"rank-math-question\">\u00bfCon qu\u00e9 rapidez puedo recibir m\u00e1quinas en \u00c1frica?<\/h3>\n<div class=\"rank-math-answer\">\n\n<p>Producci\u00f3n en <strong>30-40 d\u00edas<\/strong>Env\u00edo <strong>20-30 d\u00edas<\/strong>Instalaci\u00f3n en <strong>10-15 d\u00edas laborables<\/strong>.<\/p>\n\n<\/div>\n<\/div>\n<\/div>\n<\/div>\n\n\n<p>Como proveedor mundial de plantas de trituraci\u00f3n y cribado de piedra, SMACHCO ofrece sistemas de alta eficiencia dise\u00f1ados en funci\u00f3n de su aplicaci\u00f3n. Tanto si est\u00e1 triturando basalto, granito o piedra caliza, nuestras configuraciones incluyen trituradoras de mand\u00edbulas primarias, trituradoras de cono secundarias y trituradoras de impacto terciarias opcionales o trituradoras VSI para dar forma o producir \u00e1ridos finos. Cada planta cuenta con alimentadores vibratorios, cribas de varios pisos, cintas transportadoras, supresi\u00f3n de polvo y paneles de control integrados. Tambi\u00e9n ofrecemos separadores magn\u00e9ticos para eliminar impurezas f\u00e9rricas y detectores de metales para proteger las cintas. Desde plantas trituradoras fijas hasta unidades trituradoras m\u00f3viles, SMACHCO suministra sistemas completos de procesamiento de \u00e1ridos con entrega CIF a \u00c1frica, Oriente Medio y m\u00e1s all\u00e1. Si busca m\u00e1quinas trituradoras de piedra fiables, incluidas trituradoras de cono hidr\u00e1ulicas, trituradoras de impacto o dise\u00f1os de planta personalizados, SMACHCO es su proveedor de plantas trituradoras para proyectos globales de miner\u00eda e infraestructuras.<\/p>\n\n\n\n<div class=\"wp-block-columns alignwide is-layout-flex wp-container-core-columns-is-layout-28f84493 wp-block-columns-is-layout-flex\">\n<div class=\"wp-block-column is-layout-flow wp-block-column-is-layout-flow\">\n<h2 class=\"wp-block-heading\">Obtenga el dise\u00f1o de su planta trituradora + Oferta<\/h2>\n\n\n\n<p class=\"has-x-large-font-size\" style=\"line-height:1.2\">\u00bfQuiere crear un negocio serio de trituraci\u00f3n?<\/p>\n\n\n\n<p>\u2705 Env\u00eda tu capacidad objetivo<br>\u2705 D\u00edganos su tipo de material (granito, piedra caliza, etc.)<br>\u2705 Recibe un dise\u00f1o personalizado + oferta comercial en 24-48 horas<\/p>\n\n\n\n<p class=\"has-x-large-font-size\" style=\"line-height:1.2\"><strong>\ud83d\udc49 Construy\u00e1moslo bien - solicita tu presupuesto ahora.<\/strong><\/p>\n\n\n\n<div class=\"wp-block-buttons is-layout-flex wp-block-buttons-is-layout-flex\">\n<div class=\"wp-block-button\"><a class=\"wp-block-button__link has-small-font-size has-custom-font-size wp-element-button\" href=\"https:\/\/www.smachco.com\/es\/pongase-en-contacto-con\/\">\n\t\t\t\t\tP\u00f3ngase en contacto\t\t\t\t<\/a><\/div>\n<\/div>\n<\/div>\n<\/div>","protected":false},"excerpt":{"rendered":"<p>Crushing Plants That Build Nations \u2014 SMACHCO Delivers the Machines Behind the Infrastructure Looking to build a road, an airport, a railway, or a dam? It all starts with crushed stone. Are you looking for a complete stone crushing plant but you don&#8217;t know where to start? At SMACHCO, we don\u2019t just supply stone crushers [&hellip;]<\/p>","protected":false},"author":1,"featured_media":0,"parent":0,"menu_order":0,"comment_status":"closed","ping_status":"closed","template":"","meta":{"_acf_changed":false,"postBodyCss":"","postBodyMargin":[],"postBodyPadding":[],"postBodyBackground":{"backgroundType":"classic","gradient":""},"_themeisle_gutenberg_block_has_review":false,"footnotes":""},"class_list":["post-664","page","type-page","status-publish","hentry"],"acf":[],"_links":{"self":[{"href":"https:\/\/www.smachco.com\/es\/wp-json\/wp\/v2\/pages\/664","targetHints":{"allow":["GET"]}}],"collection":[{"href":"https:\/\/www.smachco.com\/es\/wp-json\/wp\/v2\/pages"}],"about":[{"href":"https:\/\/www.smachco.com\/es\/wp-json\/wp\/v2\/types\/page"}],"author":[{"embeddable":true,"href":"https:\/\/www.smachco.com\/es\/wp-json\/wp\/v2\/users\/1"}],"replies":[{"embeddable":true,"href":"https:\/\/www.smachco.com\/es\/wp-json\/wp\/v2\/comments?post=664"}],"version-history":[{"count":0,"href":"https:\/\/www.smachco.com\/es\/wp-json\/wp\/v2\/pages\/664\/revisions"}],"wp:attachment":[{"href":"https:\/\/www.smachco.com\/es\/wp-json\/wp\/v2\/media?parent=664"}],"curies":[{"name":"wp","href":"https:\/\/api.w.org\/{rel}","templated":true}]}}