{"id":678,"date":"2025-05-15T00:25:43","date_gmt":"2025-05-14T21:25:43","guid":{"rendered":"https:\/\/www.smachco.com\/?page_id=678"},"modified":"2025-05-15T00:25:47","modified_gmt":"2025-05-14T21:25:47","slug":"maquinaria-de-conversion-rollo-a-rollo-fabricacion-de-bolsas","status":"publish","type":"page","link":"https:\/\/www.smachco.com\/es\/maquinaria-de-conversion-rollo-a-rollo-fabricacion-de-bolsas\/","title":{"rendered":"Conversi\u00f3n de bobina a bobina y sistemas de envasado flexible"},"content":{"rendered":"<h2 class=\"wp-block-heading\" id=\"precision-machines-for-film-bags-and-web-based-packaging-solutions\">M\u00e1quinas de precisi\u00f3n para film, bolsas y soluciones de envasado basadas en web<\/h2>\n\n\n\n<p><strong>Entregado globalmente por SMACHCO | CIF-Ready &amp; Factory-Tested<\/strong><\/p>\n\n\n\n<h3 class=\"wp-block-heading\" id=\"we-dont-just-sell-film-machinery-we-power-packaging-plants\">No s\u00f3lo vendemos maquinaria para film. Impulsamos plantas de envasado.<br><\/h3>\n\n\n\n<p>En SMACHCO, suministramos <strong>sistemas de m\u00e1quinas de conversi\u00f3n rollo a rollo<\/strong> dise\u00f1ada para convertir rollos jumbo en productos acabados: <strong>bolsas en rollo, bobinas de film estirable, embalajes para mensajer\u00eda, l\u00e1minas retr\u00e1ctiles, fundas para pal\u00e9s<\/strong>y mucho m\u00e1s.<\/p>\n\n\n\n<p>Nuestros clientes no est\u00e1n experimentando: est\u00e1n ampliando.<br>En <strong>rebobinado industrial de film estirable<\/strong> a <strong>m\u00e1quinas para fabricar bolsas con perforaci\u00f3n<\/strong>Ayudamos a las empresas a producir m\u00e1s r\u00e1pido, a trabajar de forma m\u00e1s limpia y a reducir la carga de trabajo de los operarios.<\/p>\n\n\n\n<p>Todos nuestros sistemas proceden de <strong>fabricantes contrastados y con experiencia en exportaci\u00f3n<\/strong>adaptados a sus objetivos de producci\u00f3n y enviados a su destino. <strong>CIF en cualquier lugar de \u00c1frica, Oriente Medio y Norte de \u00c1frica, Turqu\u00eda, Rusia, Europa o Am\u00e9rica Latina.<\/strong>.<\/p>\n\n\n\n<div class=\"wp-block-rank-math-toc-block\" id=\"rank-math-toc\"><h2>\u00cdndice<\/h2><nav><ul><li><a href=\"#precision-machines-for-film-bags-and-web-based-packaging-solutions\">M\u00e1quinas de precisi\u00f3n para film, bolsas y soluciones de envasado basadas en web<\/a><ul><li><a href=\"#we-dont-just-sell-film-machinery-we-power-packaging-plants\">No s\u00f3lo vendemos maquinaria para film. Impulsamos plantas de envasado.\n<\/a><\/li><\/ul><\/li><li><a href=\"#who-this-is-for\">A qui\u00e9n va dirigido<\/a><\/li><li><a href=\"#what-a-roll-to-roll-converting-line-includes\">Qu\u00e9 incluye una l\u00ednea de conversi\u00f3n de rollo a rollo<\/a><\/li><li><a href=\"#featured-machines-we-deliver\">M\u00e1quinas destacadas que suministramos<\/a><ul><li><a href=\"#\ud83d\udd39-over-sized-bag-rewinder-machines\">\ud83d\udd39 M\u00e1quinas rebobinadoras de bolsas sobredimensionadas<\/a><\/li><li><a href=\"#\ud83d\udd39-pre-open-perforated-bag-machines\">\ud83d\udd39 M\u00e1quinas de bolsas perforadas preabiertas<\/a><\/li><li><a href=\"#\ud83d\udd39-automatic-stretch-film-rewinders\">\ud83d\udd39 Rebobinadoras autom\u00e1ticas de film estirable<\/a><\/li><li><a href=\"#\ud83d\udd39-stretch-film-slitter-machines\">\ud83d\udd39 M\u00e1quinas cortadoras de film estirable<\/a><\/li><li><a href=\"#\ud83d\udd39-courier-bag-converting-lines\">\ud83d\udd39 L\u00edneas de conversi\u00f3n de bolsas de mensajer\u00eda<\/a><\/li><\/ul><\/li><li><a href=\"#output-types-you-can-manufacture\">Tipos de productos que puede fabricar<\/a><\/li><li><a href=\"#key-performance-metrics\">M\u00e9tricas clave de rendimiento<\/a><\/li><li><a href=\"#what-makes-smachco-different\">\u00bfQu\u00e9 diferencia a SMACHCO?<\/a><\/li><li><a href=\"#where-our-machines-are-running\">D\u00f3nde funcionan nuestras m\u00e1quinas<\/a><\/li><li><a href=\"#ready-to-build-your-converting-line\">\u00bfListo para construir su l\u00ednea de conversi\u00f3n?<\/a><\/li><li><a href=\"#talk-to-smachco\">Hable con SMACHCO<\/a><\/li><\/ul><\/nav><\/div>\n\n\n\n<h2 class=\"wp-block-heading has-text-align-center\" id=\"who-this-is-for\">A qui\u00e9n va dirigido<\/h2>\n\n\n\n<p>Suministramos l\u00edneas de m\u00e1quinas de conversi\u00f3n rollo a rollo a:<\/p>\n\n\n\n<ul class=\"wp-block-list\">\n<li><strong>Productores de pel\u00edculas estirables<\/strong> creaci\u00f3n de cadenas locales de suministro de envases<\/li>\n\n\n\n<li><strong>Transformadores de bolsas de pl\u00e1stico<\/strong> fabricaci\u00f3n de bolsas de basura, bolsas de compra, sobres de mensajer\u00eda<\/li>\n\n\n\n<li><strong>Operaciones de cumplimiento de comercio electr\u00f3nico<\/strong> corte interno de los paquetes de mensajer\u00eda<\/li>\n\n\n\n<li><strong>Distribuidores que desean reetiquetar o reenvolver rollos jumbo<\/strong><\/li>\n\n\n\n<li><strong>Clientes de embalaje OEM<\/strong> que requieren rebobinadoras in situ o bolsas perforadas preabiertas<\/li>\n\n\n\n<li><strong>Productores de marcas blancas<\/strong> in Asia Central, \u00c1frica, T\u00fcrkiye, Sudam\u00e9rica<\/li>\n<\/ul>\n\n\n\n<h2 class=\"wp-block-heading has-text-align-center\" id=\"what-a-roll-to-roll-converting-line-includes\">Qu\u00e9 incluye una l\u00ednea de conversi\u00f3n de rollo a rollo<\/h2>\n\n\n\n<p>Una l\u00ednea est\u00e1ndar de m\u00e1quinas de conversi\u00f3n rollo a rollo SMACHCO incluye:<\/p>\n\n\n\n<ul class=\"wp-block-list\">\n<li><strong>Unidad de desbobinado<\/strong> - portarrollos jumbo, de tensi\u00f3n controlada<\/li>\n\n\n\n<li><strong>Unidad plegable<\/strong> - plegado de bordes, plegado inferior o doble sentido (plegadoras o desplegadoras o plegadoras desplegadoras y replegadoras)<\/li>\n\n\n\n<li><strong>Estaci\u00f3n de perforaci\u00f3n<\/strong> - mec\u00e1nica, neum\u00e1tica, micro o macro<\/li>\n\n\n\n<li><strong>Cortadora (opcional)<\/strong> - corte en l\u00ednea para salida de doble v\u00eda<\/li>\n\n\n\n<li><strong>Estaci\u00f3n de rebobinado<\/strong> - doble motor o por fricci\u00f3n<\/li>\n\n\n\n<li><strong>Contar y cortar<\/strong> - contador de bolsas en rollo + desconexi\u00f3n autom\u00e1tica<\/li>\n\n\n\n<li><strong>Pantalla t\u00e1ctil PLC<\/strong> - memoria programable, l\u00f3gica de tensi\u00f3n, detecci\u00f3n de fallos<\/li>\n\n\n\n<li><strong>Marco + Protecci\u00f3n<\/strong> - Marca CE, construcci\u00f3n de aluminio o acero<\/li>\n\n\n\n<li><strong>M\u00f3dulo de personalizaci\u00f3n<\/strong> - l\u00ednea de rasgado, preapertura, perforaci\u00f3n para perchas, fuelle<\/li>\n<\/ul>\n\n\n\n<h2 class=\"wp-block-heading has-text-align-center\" id=\"featured-machines-we-deliver\">M\u00e1quinas destacadas que suministramos<\/h2>\n\n\n\n<h3 class=\"wp-block-heading\" id=\"\ud83d\udd39-over-sized-bag-rewinder-machines\">\ud83d\udd39 <strong>Rebobinadoras de bolsas sobredimensionadas<\/strong><\/h3>\n\n\n\n<ul class=\"wp-block-list\">\n<li>Rollo jumbo \u2192 plegado\/perforado \u2192 rollos peque\u00f1os<\/li>\n\n\n\n<li>Se utiliza para bolsas de alta resistencia, bolsas de basura, envoltorios industriales<\/li>\n\n\n\n<li>Microperforaci\u00f3n o macroperforaci\u00f3n disponible<\/li>\n\n\n\n<li>Ideal para productores africanos de bolsas municipales y comerciantes exportadores<\/li>\n\n\n\n<li>Se utiliza a menudo en Bosnia y Herzegovina, Kosovo, Serbia, Turqu\u00eda, Ruman\u00eda, Ir\u00e1n, Rusia, Grecia<\/li>\n<\/ul>\n\n\n\n<h3 class=\"wp-block-heading\" id=\"\ud83d\udd39-pre-open-perforated-bag-machines\">\ud83d\udd39 <strong>M\u00e1quinas de bolsas perforadas preabiertas<\/strong><\/h3>\n\n\n\n<ul class=\"wp-block-list\">\n<li>Sistema rollo a rollo con <strong>l\u00f3gica de preapertura<\/strong> para l\u00edneas de embolsado autom\u00e1tico<\/li>\n\n\n\n<li>Embalaje para comercio electr\u00f3nico, compatible con autocargador<\/li>\n\n\n\n<li>Anchura de la bolsa: 300-1200 mm | Longitud del rollo: personalizable<\/li>\n\n\n\n<li>Com\u00fan en T\u00fcrkiye, Rusia, Alemania, Italia y centros comerciales de Oriente Medio<\/li>\n<\/ul>\n\n\n\n<h3 class=\"wp-block-heading\" id=\"\ud83d\udd39-automatic-stretch-film-rewinders\">\ud83d\udd39 <strong>Rebobinadoras autom\u00e1ticas de film estirable<\/strong><\/h3>\n\n\n\n<ul class=\"wp-block-list\">\n<li>Jumbo stretch \u2192 varias bobinas peque\u00f1as<\/li>\n\n\n\n<li>Accionamiento de doble motor, tensi\u00f3n programable<\/li>\n\n\n\n<li>Rebobinadoras autom\u00e1ticas de film estirable con corte opcional (para doble salida)<\/li>\n\n\n\n<li>Ideal para marcas blancas o redistribuci\u00f3n regional Rebobinadoras autom\u00e1ticas de film estirable<\/li>\n<\/ul>\n\n\n\n<h3 class=\"wp-block-heading\" id=\"\ud83d\udd39-stretch-film-slitter-machines\">\ud83d\udd39 <strong>Cortadoras de film estirable<\/strong><\/h3>\n\n\n\n<ul class=\"wp-block-list\">\n<li>Corta el rollo jumbo en 2 \u00f3 3 rollos estrechos<\/li>\n\n\n\n<li>Opciones semiautom\u00e1ticas y autom\u00e1ticas<\/li>\n\n\n\n<li>Com\u00fan en envoltura de muebles, enfardado retr\u00e1ctil y estirado para minoristas<\/li>\n<\/ul>\n\n\n\n<h3 class=\"wp-block-heading\" id=\"\ud83d\udd39-courier-bag-converting-lines\">\ud83d\udd39 <strong>L\u00edneas de conversi\u00f3n de bolsas de mensajer\u00eda<\/strong><\/h3>\n\n\n\n<ul class=\"wp-block-list\">\n<li>Desenrollar \u2192 plegar \u2192 sellar \u2192 fuelle \u2192 posicionador de etiquetas.<\/li>\n\n\n\n<li>Sistema de bolsa enrollable<\/li>\n\n\n\n<li>Etiquetadora autom\u00e1tica o cinta de apilado opcionales<\/li>\n\n\n\n<li>Mercado en r\u00e1pido crecimiento en Turqu\u00eda, EAU, Brasil y Nigeria<\/li>\n<\/ul>\n\n\n\n<h2 class=\"wp-block-heading has-text-align-center\" id=\"output-types-you-can-manufacture\">Tipos de productos que puede fabricar<\/h2>\n\n\n\n<figure class=\"wp-block-table\"><table class=\"has-fixed-layout\"><thead><tr><th>Tipo de producto<\/th><th>Descripci\u00f3n \/ Tipo de comprador<\/th><\/tr><\/thead><tbody><tr><td>Bolsas en rollo (perforadas)<\/td><td>Bolsas de basura, bolsas camiseta, bolsas rollo boutique<\/td><\/tr><tr><td>Bobinas de film estirable<\/td><td>Envoltura a mano, a m\u00e1quina, sin n\u00facleo<\/td><\/tr><tr><td>Hojas superiores retr\u00e1ctiles<\/td><td>Cubiertas de pal\u00e9s para log\u00edstica<\/td><\/tr><tr><td>Bolsas de mensajer\u00eda<\/td><td>Envasado para comercio electr\u00f3nico, apto para l\u00ednea de rasgado<\/td><\/tr><tr><td>Bolsas perforadas resistentes<\/td><td>Envases industriales, qu\u00edmicos y agr\u00edcolas<\/td><\/tr><tr><td>Rollos de pel\u00edcula con fuelle<\/td><td>Bolsas de almacenamiento multicapa, bandejas de fruta<\/td><\/tr><\/tbody><\/table><\/figure>\n\n\n\n<h2 class=\"wp-block-heading has-text-align-center\" id=\"key-performance-metrics\">M\u00e9tricas clave de rendimiento<\/h2>\n\n\n\n<figure class=\"wp-block-table\"><table class=\"has-fixed-layout\"><thead><tr><th><strong>Tipo de m\u00e1quina<\/strong><\/th><th><strong>Velocidad m\u00e1xima<\/strong><\/th><th><strong>Tama\u00f1os del n\u00facleo<\/strong><\/th><th><strong>Anchura de la pel\u00edcula<\/strong><\/th><th><strong>Di\u00e1metro del rollo<\/strong><\/th><th><strong>Consumo de energ\u00eda<\/strong><\/th><th><strong>Consumo de aire<\/strong><\/th><\/tr><\/thead><tbody><tr><td><strong>Rebobinador de film estirable<\/strong><\/td><td>Hasta 1200 m\/min<\/td><td>\u00d838 mm, \u00d850 mm, \u00d876 mm<\/td><td>300-500 mm<\/td><td>Hasta 450 mm<\/td><td>Media 6 kW<\/td><td>50 L\/min<\/td><\/tr><tr><td><strong>Rebobinador de preestiramiento<\/strong><\/td><td>Hasta 1200 m\/min<\/td><td>\u00d838 mm, \u00d850 mm, \u00d876 mm<\/td><td>300-500 mm<\/td><td>Hasta 450 mm<\/td><td>Media 6 kW<\/td><td>50 L\/min<\/td><\/tr><tr><td><strong>M\u00e1quina de bolsas en rollo<\/strong><\/td><td>Hasta 150 bolsas\/min<\/td><td>\u00d838 mm, \u00d850 mm, \u00d876 mm<\/td><td>300-500 mm<\/td><td>Hasta 450 mm<\/td><td>Media 6 kW<\/td><td>50 L\/min<\/td><\/tr><tr><td><strong>Conversor de bolsas de mensajer\u00eda<\/strong><\/td><td>Hasta 120 bolsas\/min<\/td><td>\u00d838 mm, \u00d850 mm, \u00d876 mm<\/td><td>300-500 mm<\/td><td>Hasta 450 mm<\/td><td>Media 6 kW<\/td><td>50 L\/min<\/td><\/tr><\/tbody><\/table><\/figure>\n\n\n\n<p>Nota: Las especificaciones se basan en las normas del sector y pueden variar en funci\u00f3n de las configuraciones espec\u00edficas de la m\u00e1quina.<\/p>\n\n\n\n<h2 class=\"wp-block-heading has-text-align-center\" id=\"what-makes-smachco-different\">\u00bfQu\u00e9 diferencia a SMACHCO?<\/h2>\n\n\n\n<p>No nos limitamos a enviarle un folleto.<\/p>\n\n\n\n<p>Le ayudamos a planificar su f\u00e1brica, validar las especificaciones de la m\u00e1quina, optimizar el env\u00edo y poner la m\u00e1quina en marcha con asistencia real.<\/p>\n\n\n\n<p>Al comprar en SMACHCO, usted obtiene:<\/p>\n\n\n\n<ul class=\"wp-block-list\">\n<li>\u2714\ufe0f Env\u00edo CIF con documentaci\u00f3n comercial completa<\/li>\n\n\n\n<li>\u2714\ufe0f Fotos y v\u00eddeos de la inspecci\u00f3n de f\u00e1brica antes de la carga<\/li>\n\n\n\n<li>\u2714\ufe0f Opciones de formaci\u00f3n de operadores: v\u00eddeo, a distancia o env\u00edo de t\u00e9cnicos<\/li>\n\n\n\n<li>\u2714\ufe0f Acceso a piezas de repuesto para motores, cuchillas, correas, contadores y paneles<\/li>\n\n\n\n<li>\u2714\ufe0f Planificaci\u00f3n de la disposici\u00f3n (espacio, zonas de operarios, flujo de rollos, electricidad)<\/li>\n\n\n\n<li>\u2714\ufe0f Documentaci\u00f3n CE + planos de instalaci\u00f3n + cableado etiquetado<\/li>\n<\/ul>\n\n\n\n<h2 class=\"wp-block-heading has-text-align-center\" id=\"where-our-machines-are-running\">D\u00f3nde funcionan nuestras m\u00e1quinas<\/h2>\n\n\n\n<p>T\u00fcrkiye - l\u00ednea de bolsas de mensajer\u00eda para exportador de marca blanca<\/p>\n\n\n\n<p>Arabia Saud\u00ed - rebobinadora de bolsas de doble perforaci\u00f3n para la log\u00edstica del comercio electr\u00f3nico<\/p>\n\n\n\n<p>Makedonia- L\u00ednea de rebobinado sobredimensionada para distribuidor de pl\u00e1stico<\/p>\n\n\n\n<p>Ruman\u00eda - convertidor de bolsas preabiertas para la distribuci\u00f3n minorista r\u00e1pida<\/p>\n\n\n\n<p>Alemania - sistema modular para bolsas de basura suministradas por el gobierno<\/p>\n\n\n\n<p>Rusia - bolsas de fuelle de alta resistencia para contratistas municipales<\/p>\n\n\n\n<h2 class=\"wp-block-heading has-text-align-center\" id=\"ready-to-build-your-converting-line\">\u00bfListo para construir su l\u00ednea de conversi\u00f3n?<\/h2>\n\n\n\n<p>Esto es lo que necesitamos para preparar su dise\u00f1o + oferta:<\/p>\n\n\n\n<ul class=\"wp-block-list\">\n<li>Tipo de producto: bolsa extensible, bolsa de mensajer\u00eda, bolsa perforada, etc.<\/li>\n\n\n\n<li>Tama\u00f1o del rollo: anchura, di\u00e1metro, n\u00facleo<\/li>\n\n\n\n<li>Producci\u00f3n deseada por turno o por rollo<\/li>\n\n\n\n<li>Espacio disponible (longitud \u00d7 anchura)<\/li>\n\n\n\n<li>Puerto de destino<\/li>\n\n\n\n<li>Especificaciones de potencia (V\/Hz\/fase)<\/li>\n<\/ul>\n\n\n\n<p>Enviaremos:<\/p>\n\n\n\n<ul class=\"wp-block-list\">\n<li>\u2714\ufe0f Dise\u00f1o 2D + flujo de operadores<\/li>\n\n\n\n<li>\u2714\ufe0f Hoja de especificaciones de la m\u00e1quina + opciones<\/li>\n\n\n\n<li>\u2714\ufe0f Precios CIF<\/li>\n\n\n\n<li>\u2714\ufe0f Plan de carga (desglose de contenedores)<\/li>\n\n\n\n<li>\u2714\ufe0f Requisitos el\u00e9ctricos y de aire<\/li>\n<\/ul>\n\n\n\n<h2 class=\"wp-block-heading has-text-align-center\" id=\"talk-to-smachco\">Hable con SMACHCO<\/h2>\n\n\n\n<p>\ud83d\udce7 <a class=\"\" href=\"mailto:hello@smachco.com\">hello@smachco.com<\/a><br>\ud83d\udcde +90 505 694 21 40<br>\ud83c\udf0d <a class=\"\" href=\"http:\/\/www.smachco.com\/es\/\">www.smachco.com<\/a><\/p>\n\n\n\n<blockquote class=\"wp-block-quote is-layout-flow wp-block-quote-is-layout-flow\">\n<p>SMACHCO no es un exportador de maquinaria cinematogr\u00e1fica al uso.<br>Somos el socio que se asegura de que su m\u00e1quina le resulte realmente rentable.<\/p>\n<\/blockquote>","protected":false},"excerpt":{"rendered":"<p>Precision Machines for Film, Bags, and Web-Based Packaging Solutions Delivered Globally by SMACHCO | CIF-Ready &amp; Factory-Tested We Don\u2019t Just Sell Film Machinery. We Power Packaging Plants. At SMACHCO, we supply roll-to-roll converting machine systems engineered to turn jumbo rolls into finished products: bags on roll, stretch film bobbins, courier packs, shrink sheets, pallet covers, [&hellip;]<\/p>","protected":false},"author":1,"featured_media":0,"parent":0,"menu_order":0,"comment_status":"closed","ping_status":"closed","template":"","meta":{"_acf_changed":false,"postBodyCss":"","postBodyMargin":[],"postBodyPadding":[],"postBodyBackground":{"backgroundType":"classic","gradient":""},"_themeisle_gutenberg_block_has_review":false,"footnotes":""},"class_list":["post-678","page","type-page","status-publish","hentry"],"acf":[],"_links":{"self":[{"href":"https:\/\/www.smachco.com\/es\/wp-json\/wp\/v2\/pages\/678","targetHints":{"allow":["GET"]}}],"collection":[{"href":"https:\/\/www.smachco.com\/es\/wp-json\/wp\/v2\/pages"}],"about":[{"href":"https:\/\/www.smachco.com\/es\/wp-json\/wp\/v2\/types\/page"}],"author":[{"embeddable":true,"href":"https:\/\/www.smachco.com\/es\/wp-json\/wp\/v2\/users\/1"}],"replies":[{"embeddable":true,"href":"https:\/\/www.smachco.com\/es\/wp-json\/wp\/v2\/comments?post=678"}],"version-history":[{"count":0,"href":"https:\/\/www.smachco.com\/es\/wp-json\/wp\/v2\/pages\/678\/revisions"}],"wp:attachment":[{"href":"https:\/\/www.smachco.com\/es\/wp-json\/wp\/v2\/media?parent=678"}],"curies":[{"name":"wp","href":"https:\/\/api.w.org\/{rel}","templated":true}]}}