{"id":664,"date":"2025-05-11T07:35:38","date_gmt":"2025-05-11T04:35:38","guid":{"rendered":"https:\/\/www.smachco.com\/?page_id=664"},"modified":"2025-05-11T07:35:41","modified_gmt":"2025-05-11T04:35:41","slug":"usine-de-concassage-de-pierres-criblage","status":"publish","type":"page","link":"https:\/\/www.smachco.com\/fr\/usine-de-concassage-de-pierres-criblage\/","title":{"rendered":"Stone Crushing &amp; Screening Plants for Mining and Construction"},"content":{"rendered":"<h2 class=\"wp-block-heading\">Des installations de concassage qui construisent des nations - SMACHCO fournit les machines qui se cachent derri\u00e8re l'infrastructure<\/h2>\n\n\n\n<p>Vous souhaitez construire une route, un a\u00e9roport, une voie ferr\u00e9e ou un barrage ? Tout commence avec <strong>pierre concass\u00e9e<\/strong>. Vous \u00eates \u00e0 la recherche d'une installation compl\u00e8te de concassage de pierres, mais vous ne savez pas par o\u00f9 commencer ?<\/p>\n\n\n\n<p>Chez SMACHCO, nous ne nous contentons pas de fournir des concasseurs de pierre, nous les livrons. <strong>installations compl\u00e8tes de concassage et de criblage<\/strong>, pr\u00e9-\u00e9tabli pour <strong>production d'agr\u00e9gats \u00e0 haute performance<\/strong>adapt\u00e9s aux r\u00e9alit\u00e9s de l'\u00e9conomie de l'Union europ\u00e9enne. <strong>March\u00e9s d'Afrique, du Moyen-Orient, d'Asie centrale et d'Am\u00e9rique latine<\/strong>.<\/p>\n\n\n\n<p>Que vous soyez un <strong>entrepreneur civil<\/strong>, <strong>propri\u00e9taire de carri\u00e8re<\/strong>, <strong>centrale \u00e0 b\u00e9ton<\/strong>ou <strong>investisseur minier<\/strong>Nous concevons des syst\u00e8mes qui fonctionnent de mani\u00e8re fiable dans des conditions difficiles - et nous les exp\u00e9dions. <strong>CIF \u00e0 Conakry, Lagos, Basra, Luanda, Karachi et au-del\u00e0.<\/strong><\/p>\n\n\n\n<figure class=\"wp-block-image aligncenter size-full\"><img loading=\"lazy\" decoding=\"async\" width=\"615\" height=\"410\" src=\"https:\/\/www.smachco.com\/wp-content\/uploads\/2025\/05\/Crushing-and-Screening-Systems-for-Mining-and-Construction.png\" alt=\"\" class=\"wp-image-645\" srcset=\"https:\/\/www.smachco.com\/wp-content\/uploads\/2025\/05\/Crushing-and-Screening-Systems-for-Mining-and-Construction.png 615w, https:\/\/www.smachco.com\/wp-content\/uploads\/2025\/05\/Crushing-and-Screening-Systems-for-Mining-and-Construction-300x200.png 300w, https:\/\/www.smachco.com\/wp-content\/uploads\/2025\/05\/Crushing-and-Screening-Systems-for-Mining-and-Construction-600x400.png 600w\" sizes=\"auto, (max-width: 615px) 100vw, 615px\" \/><\/figure>\n\n\n\n<h2 class=\"wp-block-heading\">Qu'est-ce qu'une installation de concassage de pierres ?<\/h2>\n\n\n\n<p>A <strong>usine de concassage de pierres<\/strong> est une installation industrielle qui concasse de grosses roches (granit, basalte, calcaire) en fractions plus petites telles que 0-5mm, 5-15mm, 15-25mm. Il comprend g\u00e9n\u00e9ralement<\/p>\n\n\n\n<ul class=\"wp-block-list\">\n<li><strong>Concasseurs \u00e0 m\u00e2choires<\/strong> - pour le concassage primaire de grosses pierres<\/li>\n\n\n\n<li><strong>Concasseurs \u00e0 c\u00f4ne (hydrauliques)<\/strong> - pour la r\u00e9duction secondaire et le fa\u00e7onnage de pr\u00e9cision<\/li>\n\n\n\n<li><strong>Concasseurs \u00e0 percussion<\/strong> - pour les m\u00e9langes de fines ou de granulom\u00e9trie sp\u00e9cifique<\/li>\n\n\n\n<li><strong>Cribles vibrants<\/strong> - 2, 3 ou 4 \u00e9tages selon les besoins de sortie<\/li>\n\n\n\n<li><strong>Convoyeurs \u00e0 bande<\/strong>, <strong>Tr\u00e9mies d'alimentation<\/strong>, <strong>Structure en acier<\/strong>, <strong>Syst\u00e8mes de contr\u00f4le des poussi\u00e8res<\/strong><\/li>\n<\/ul>\n\n\n\n<p>Toutes les lignes de broyage SMACHCO sont \u00e9quip\u00e9es de tableaux \u00e9lectriques (Siemens\/Schneider\/ABB ou grade), de goulottes rev\u00eatues de Hardox et de kits de pi\u00e8ces d\u00e9tach\u00e9es.<\/p>\n\n\n\n<h2 class=\"wp-block-heading\">Configurations des installations de concassage de pierres<\/h2>\n\n\n\n<p>Nous fournissons des machines de concassage de pierres avec de multiples options d'agencement en fonction de vos besoins :<\/p>\n\n\n\n<h4 class=\"wp-block-heading\">\ud83c\udd50 Installation de concassage stationnaire<\/h4>\n\n\n\n<ul class=\"wp-block-list\">\n<li><strong>Production d'agr\u00e9gats 100-500 TPH<\/strong> (Nous pouvons augmenter la capacit\u00e9 sans probl\u00e8me)<\/li>\n\n\n\n<li>Fondations fixes, structure en acier, fonctionnement \u00e0 long terme<\/li>\n\n\n\n<li>Id\u00e9al pour les entrepreneurs publics, les centrales \u00e0 b\u00e9ton, les extensions de carri\u00e8res r\u00e9gionales<\/li>\n<\/ul>\n\n\n\n<h4 class=\"wp-block-heading\">\ud83c\udd51 Installation de concassage mobile (sur chenilles ou sur patins)<\/h4>\n\n\n\n<ul class=\"wp-block-list\">\n<li>Id\u00e9al pour les projets avec des emplacements temporaires ou des travaux de g\u00e9nie civil limit\u00e9s<\/li>\n\n\n\n<li>Options diesel ou hybride \u00e9lectrique disponibles<\/li>\n\n\n\n<li>Capacit\u00e9s : <strong>80-250 TPH<\/strong> (Nous pouvons augmenter la capacit\u00e9 sans probl\u00e8me)<\/li>\n<\/ul>\n\n\n\n<h4 class=\"wp-block-heading\">\ud83c\udd52 Syst\u00e8mes modulaires semi-mobiles<\/h4>\n\n\n\n<ul class=\"wp-block-list\">\n<li>Solution hybride : patins pr\u00e9fabriqu\u00e9s + plates-formes en acier assembl\u00e9es par boulonnage<\/li>\n\n\n\n<li><strong>Configuration rapide de l'exportation<\/strong> (nous exportons CIF avec des conteneurs 40HC)<\/li>\n\n\n\n<li>Montage d'un syst\u00e8me complet en <strong>10-15 jours ouvrables sur place<\/strong><\/li>\n<\/ul>\n\n\n\n<h2 class=\"wp-block-heading\">Que pouvez-vous produire ?<\/h2>\n\n\n\n<p>Nos clients produisent g\u00e9n\u00e9ralement :<\/p>\n\n\n\n<figure class=\"wp-block-table\"><table class=\"has-fixed-layout\"><thead><tr><th>Taille de la sortie<\/th><th>Cas d'utilisation<\/th><\/tr><\/thead><tbody><tr><td>0-5 mm<\/td><td>Usines d'asphalte, sable \u00e0 b\u00e9ton<\/td><\/tr><tr><td>5-15 mm<\/td><td>B\u00e9ton pr\u00eat \u00e0 l'emploi<\/td><\/tr><tr><td>15-25 mm<\/td><td>Base routi\u00e8re, ballast ferroviaire<\/td><\/tr><tr><td>+25 mm (surdimensionn\u00e9)<\/td><td>Re-concass\u00e9 ou vendu \u00e0 des usines de briques<\/td><\/tr><\/tbody><\/table><\/figure>\n\n\n\n<h2 class=\"wp-block-heading\">Pourquoi choisir SMACHCO ?<\/h2>\n\n\n\n<p>SMACHCO n'est pas seulement un distributeur de machines de broyage de pierres. Nous sommes un <strong>soci\u00e9t\u00e9 mondiale de sour\u00e7age de machines industrielles<\/strong> qui joue le r\u00f4le de votre :<\/p>\n\n\n\n<ul class=\"wp-block-list\">\n<li>\u2705 Consultant technique<\/li>\n\n\n\n<li>\u2705 Fournisseur de machines<\/li>\n\n\n\n<li>\u2705 Coordinateur du fret<\/li>\n\n\n\n<li>\u2705 Chef de projet<\/li>\n<\/ul>\n\n\n\n<p>Nous <strong>faire la conversation avec l'usine<\/strong>Ils v\u00e9rifient le chargement, s'occupent de la paperasserie et vous garantissent des machines performantes.<\/p>\n\n\n\n<p>\ud83d\udfe2 Nous proposons des machines qui fonctionnent.<br>\ud83d\udfe2 Nous proposons des mises en page fluides.<br>\ud83d\udfe2 Nous proposons une tarification adapt\u00e9e \u00e0 votre ambition.<\/p>\n\n\n<div id=\"rank-math-faq\" class=\"rank-math-block\">\n<div class=\"rank-math-list\">\n<div id=\"faq-question-1746936949410\" class=\"rank-math-list-item\">\n<h3 class=\"rank-math-question\">Puis-je utiliser votre plante pour le granit ?<\/h3>\n<div class=\"rank-math-answer\">\n\n<p>Oui, nous fournissons <strong>m\u00e2choire + c\u00f4ne<\/strong> combinaisons adapt\u00e9es aux roches tr\u00e8s dures comme le granit et le basalte.<\/p>\n\n<\/div>\n<\/div>\n<div id=\"faq-question-1746936972220\" class=\"rank-math-list-item\">\n<h3 class=\"rank-math-question\">Proposez-vous des concasseurs de pierre mobiles ?<\/h3>\n<div class=\"rank-math-answer\">\n\n<p>Oui, nous avons les deux <strong>sur rails<\/strong> et <strong>sur remorque<\/strong> mod\u00e8les. Demandez la pr\u00e9sentation mobile.<\/p>\n\n<\/div>\n<\/div>\n<div id=\"faq-question-1746936989709\" class=\"rank-math-list-item\">\n<h3 class=\"rank-math-question\">Puis-je payer en plusieurs fois ?<\/h3>\n<div class=\"rank-math-answer\">\n\n<p>La plupart des commandes sont <strong>100% pr\u00e9paiement \u00e0 SMACHCO<\/strong>mais les projets de plus grande envergure peuvent autoriser des \u00e9ch\u00e9ances.<\/p>\n\n<\/div>\n<\/div>\n<div id=\"faq-question-1746937010397\" class=\"rank-math-list-item\">\n<h3 class=\"rank-math-question\">\u00c0 quelle vitesse puis-je recevoir des machines en Afrique ?<\/h3>\n<div class=\"rank-math-answer\">\n\n<p>Production en <strong>30-40 jours<\/strong>, exp\u00e9dition <strong>20-30 jours<\/strong>, installation en <strong>10-15 jours ouvrables<\/strong>.<\/p>\n\n<\/div>\n<\/div>\n<\/div>\n<\/div>\n\n\n<p>En tant que fournisseur mondial d'installations de concassage et de criblage de pierres, SMACHCO propose des syst\u00e8mes \u00e0 haut rendement con\u00e7us en fonction de votre application. Qu'il s'agisse de concasser du basalte, du granit ou du calcaire, nos configurations comprennent des concasseurs primaires \u00e0 m\u00e2choires, des concasseurs secondaires \u00e0 c\u00f4ne et, en option, des concasseurs tertiaires \u00e0 impact ou des concasseurs VSI pour la mise en forme ou la production d'agr\u00e9gats fins. Chaque installation est \u00e9quip\u00e9e d'alimentateurs vibrants, de cribles \u00e0 plusieurs \u00e9tages, de convoyeurs \u00e0 bande, d'un syst\u00e8me de d\u00e9poussi\u00e9rage et de panneaux de commande int\u00e9gr\u00e9s. Nous proposons \u00e9galement des s\u00e9parateurs magn\u00e9tiques pour \u00e9liminer les impuret\u00e9s ferreuses et des d\u00e9tecteurs de m\u00e9taux pour la protection des bandes. Des installations de concassage stationnaires aux unit\u00e9s de concassage mobiles, SMACHCO fournit des syst\u00e8mes complets de traitement des agr\u00e9gats avec livraison CIF en Afrique, au Moyen-Orient et au-del\u00e0. Si vous recherchez des machines de concassage de pierres fiables, y compris des concasseurs hydrauliques \u00e0 c\u00f4ne, des concasseurs \u00e0 impact ou des installations personnalis\u00e9es, SMACHCO est votre fournisseur d'installations de concassage pour les projets d'exploitation mini\u00e8re et d'infrastructure \u00e0 l'\u00e9chelle mondiale.<\/p>\n\n\n\n<div class=\"wp-block-columns alignwide is-layout-flex wp-container-core-columns-is-layout-28f84493 wp-block-columns-is-layout-flex\">\n<div class=\"wp-block-column is-layout-flow wp-block-column-is-layout-flow\">\n<h2 class=\"wp-block-heading\">Obtenez votre plan d'implantation d'usine de concassage + Offre<\/h2>\n\n\n\n<p class=\"has-x-large-font-size\" style=\"line-height:1.2\">Vous souhaitez cr\u00e9er une entreprise de broyage s\u00e9rieuse ?<\/p>\n\n\n\n<p>\u2705 Soumettez votre capacit\u00e9 cible<br>\u2705 Indiquez-nous le type de mat\u00e9riau (granit, calcaire, etc.)<br>\u2705 Recevez une mise en page personnalis\u00e9e + une offre commerciale dans les 24-48 heures<\/p>\n\n\n\n<p class=\"has-x-large-font-size\" style=\"line-height:1.2\"><strong>\ud83d\udc49 Construisons-le bien - demandez votre devis maintenant.<\/strong><\/p>\n\n\n\n<div class=\"wp-block-buttons is-layout-flex wp-block-buttons-is-layout-flex\">\n<div class=\"wp-block-button\"><a class=\"wp-block-button__link has-small-font-size has-custom-font-size wp-element-button\" href=\"https:\/\/www.smachco.com\/fr\/contact\/\">\n\t\t\t\t\tPrendre contact\t\t\t\t<\/a><\/div>\n<\/div>\n<\/div>\n<\/div>","protected":false},"excerpt":{"rendered":"<p>Crushing Plants That Build Nations \u2014 SMACHCO Delivers the Machines Behind the Infrastructure Looking to build a road, an airport, a railway, or a dam? It all starts with crushed stone. Are you looking for a complete stone crushing plant but you don&#8217;t know where to start? At SMACHCO, we don\u2019t just supply stone crushers [&hellip;]<\/p>","protected":false},"author":1,"featured_media":0,"parent":0,"menu_order":0,"comment_status":"closed","ping_status":"closed","template":"","meta":{"_acf_changed":false,"postBodyCss":"","postBodyMargin":[],"postBodyPadding":[],"postBodyBackground":{"backgroundType":"classic","gradient":""},"_themeisle_gutenberg_block_has_review":false,"footnotes":""},"class_list":["post-664","page","type-page","status-publish","hentry"],"acf":[],"_links":{"self":[{"href":"https:\/\/www.smachco.com\/fr\/wp-json\/wp\/v2\/pages\/664","targetHints":{"allow":["GET"]}}],"collection":[{"href":"https:\/\/www.smachco.com\/fr\/wp-json\/wp\/v2\/pages"}],"about":[{"href":"https:\/\/www.smachco.com\/fr\/wp-json\/wp\/v2\/types\/page"}],"author":[{"embeddable":true,"href":"https:\/\/www.smachco.com\/fr\/wp-json\/wp\/v2\/users\/1"}],"replies":[{"embeddable":true,"href":"https:\/\/www.smachco.com\/fr\/wp-json\/wp\/v2\/comments?post=664"}],"version-history":[{"count":0,"href":"https:\/\/www.smachco.com\/fr\/wp-json\/wp\/v2\/pages\/664\/revisions"}],"wp:attachment":[{"href":"https:\/\/www.smachco.com\/fr\/wp-json\/wp\/v2\/media?parent=664"}],"curies":[{"name":"wp","href":"https:\/\/api.w.org\/{rel}","templated":true}]}}