{"id":678,"date":"2025-05-15T00:25:43","date_gmt":"2025-05-14T21:25:43","guid":{"rendered":"https:\/\/www.smachco.com\/?page_id=678"},"modified":"2025-05-15T00:25:47","modified_gmt":"2025-05-14T21:25:47","slug":"macchine-per-la-trasformazione-di-sacchi-in-rotoli","status":"publish","type":"page","link":"https:\/\/www.smachco.com\/it\/macchine-per-la-trasformazione-di-sacchi-in-rotoli\/","title":{"rendered":"Sistemi di trasformazione da bobina a bobina e di imballaggio flessibile"},"content":{"rendered":"<h2 class=\"wp-block-heading\" id=\"precision-machines-for-film-bags-and-web-based-packaging-solutions\">Macchine di precisione per soluzioni di imballaggio in film, sacchetti e web-based<\/h2>\n\n\n\n<p><strong>Consegnati in tutto il mondo da SMACHCO | Pronti CIF e testati in fabbrica<\/strong><\/p>\n\n\n\n<h3 class=\"wp-block-heading\" id=\"we-dont-just-sell-film-machinery-we-power-packaging-plants\">Non vendiamo solo macchine per film. Noi alimentiamo gli impianti di confezionamento.<br><\/h3>\n\n\n\n<p>SMACHCO fornisce <strong>sistemi di macchine di trasformazione da bobina a bobina<\/strong> progettato per trasformare i rotoli jumbo in prodotti finiti: <strong>sacchi in rotolo, bobine di film estensibile, pacchi per corriere, fogli termoretraibili, coperture per pallet<\/strong>e altro ancora.<\/p>\n\n\n\n<p>I nostri clienti non sperimentano, ma scalano.<br>Da <strong>riavvolgimento industriale di film estensibile<\/strong> a <strong>macchine per la produzione di sacchetti con perforazione<\/strong>Aiutiamo le aziende a produrre pi\u00f9 velocemente, a lavorare in modo pi\u00f9 pulito e a ridurre il carico di lavoro degli operatori.<\/p>\n\n\n\n<p>Ogni sistema che forniamo proviene da <strong>produttori controllati e collaudati per l'esportazione<\/strong>adattati ai vostri obiettivi di produzione e spediti <strong>CIF ovunque in Africa, MENA, Turchia, Russia, Europa o America Latina.<\/strong>.<\/p>\n\n\n\n<div class=\"wp-block-rank-math-toc-block\" id=\"rank-math-toc\"><h2>Indice dei contenuti<\/h2><nav><ul><li><a href=\"#precision-machines-for-film-bags-and-web-based-packaging-solutions\">Macchine di precisione per soluzioni di imballaggio in film, sacchetti e web-based<\/a><ul><li><a href=\"#we-dont-just-sell-film-machinery-we-power-packaging-plants\">Non vendiamo solo macchine per film. Noi alimentiamo gli impianti di confezionamento.\n<\/a><\/li><\/ul><\/li><li><a href=\"#who-this-is-for\">A chi \u00e8 rivolto<\/a><\/li><li><a href=\"#what-a-roll-to-roll-converting-line-includes\">Cosa comprende una linea di trasformazione da rotolo a rotolo<\/a><\/li><li><a href=\"#featured-machines-we-deliver\">Macchine in evidenza che forniamo<\/a><ul><li><a href=\"#\ud83d\udd39-over-sized-bag-rewinder-machines\">\ud83d\udd39 Macchine avvolgitrici di sacchi sovradimensionate<\/a><\/li><li><a href=\"#\ud83d\udd39-pre-open-perforated-bag-machines\">\ud83d\udd39 Macchine per sacchetti perforati pre-apertura<\/a><\/li><li><a href=\"#\ud83d\udd39-automatic-stretch-film-rewinders\">\ud83d\udd39 Ribobinatrici automatiche per film estensibile<\/a><\/li><li><a href=\"#\ud83d\udd39-stretch-film-slitter-machines\">\ud83d\udd39 Macchine taglierine per film estensibile<\/a><\/li><li><a href=\"#\ud83d\udd39-courier-bag-converting-lines\">\ud83d\udd39 Linee di trasformazione di borse per corrieri<\/a><\/li><\/ul><\/li><li><a href=\"#output-types-you-can-manufacture\">Tipi di output che \u00e8 possibile produrre<\/a><\/li><li><a href=\"#key-performance-metrics\">Metriche di prestazione chiave<\/a><\/li><li><a href=\"#what-makes-smachco-different\">Cosa rende SMACHCO diversa?<\/a><\/li><li><a href=\"#where-our-machines-are-running\">Dove funzionano le nostre macchine<\/a><\/li><li><a href=\"#ready-to-build-your-converting-line\">Siete pronti a costruire la vostra linea di conversione?<\/a><\/li><li><a href=\"#talk-to-smachco\">Parla con SMACHCO<\/a><\/li><\/ul><\/nav><\/div>\n\n\n\n<h2 class=\"wp-block-heading has-text-align-center\" id=\"who-this-is-for\">A chi \u00e8 rivolto<\/h2>\n\n\n\n<p>Forniamo linee di macchine per la trasformazione da bobina a bobina per:<\/p>\n\n\n\n<ul class=\"wp-block-list\">\n<li><strong>Produttori di film estensibile<\/strong> costruire filiere di imballaggio locali<\/li>\n\n\n\n<li><strong>Convertitori di sacchetti di plastica<\/strong> realizzare sacchi per l'immondizia, sacchi per la spesa, buste per corrieri<\/li>\n\n\n\n<li><strong>Operazioni di evasione del commercio elettronico<\/strong> tagliare internamente i pacchi del corriere<\/li>\n\n\n\n<li><strong>Distributori che desiderano rietichettare o riavvolgere rotoli jumbo<\/strong><\/li>\n\n\n\n<li><strong>Clienti di imballaggio OEM<\/strong> che richiedono riavvolgitori in loco o sacchi perforati pre-apertura<\/li>\n\n\n\n<li><strong>Produttori di marchi privati<\/strong> in Asia Centrale, Africa, Turchia, Sud America<\/li>\n<\/ul>\n\n\n\n<h2 class=\"wp-block-heading has-text-align-center\" id=\"what-a-roll-to-roll-converting-line-includes\">Cosa comprende una linea di trasformazione da rotolo a rotolo<\/h2>\n\n\n\n<p>Una linea standard di macchine di trasformazione da bobina a bobina SMACHCO comprende:<\/p>\n\n\n\n<ul class=\"wp-block-list\">\n<li><strong>Unit\u00e0 di svolgimento<\/strong> - portarotolo jumbo, con controllo della tensione<\/li>\n\n\n\n<li><strong>Unit\u00e0 pieghevole<\/strong> - piegatura dei bordi, piegatura del fondo o doppia direzione (macchine per piegare o dispiegare o macchine per piegare e ripiegare)<\/li>\n\n\n\n<li><strong>Stazione di perforazione<\/strong> - meccanico, pneumatico, micro o macro<\/li>\n\n\n\n<li><strong>Taglierina (opzionale)<\/strong> - Taglio in linea per una produzione a doppia corsia<\/li>\n\n\n\n<li><strong>Stazione di riavvolgimento<\/strong> - doppio motore o a frizione<\/li>\n\n\n\n<li><strong>Conteggio e taglio<\/strong> - contatore preimpostato bag-on-roll + spegnimento automatico<\/li>\n\n\n\n<li><strong>PLC touchscreen<\/strong> - memoria programmabile, logica di tensione, rilevamento dei guasti<\/li>\n\n\n\n<li><strong>Telaio + protezione<\/strong> - Marchio CE, struttura in alluminio o acciaio<\/li>\n\n\n\n<li><strong>Modulo di personalizzazione<\/strong> - linea a strappo, pre-apertura, punzonatura per appendini, soffietto<\/li>\n<\/ul>\n\n\n\n<h2 class=\"wp-block-heading has-text-align-center\" id=\"featured-machines-we-deliver\">Macchine in evidenza che forniamo<\/h2>\n\n\n\n<h3 class=\"wp-block-heading\" id=\"\ud83d\udd39-over-sized-bag-rewinder-machines\">\ud83d\udd39 <strong>Macchine avvolgitrici di sacchi sovradimensionati<\/strong><\/h3>\n\n\n\n<ul class=\"wp-block-list\">\n<li>Rotolo Jumbo \u2192 piegato\/perforato \u2192 rotoli piccoli<\/li>\n\n\n\n<li>Utilizzato per sacchi per impieghi gravosi, sacchi per l'immondizia, involucri industriali<\/li>\n\n\n\n<li>Microperforazione o macroperforazione disponibile<\/li>\n\n\n\n<li>Ideale per i produttori di sacchi municipali africani e per i commercianti d'esportazione<\/li>\n\n\n\n<li>Spesso utilizzato in Bosnia-Erzegovina, Kosovo, Serbia, Turchia, Romania, Iran, Rusia, Grecia.<\/li>\n<\/ul>\n\n\n\n<h3 class=\"wp-block-heading\" id=\"\ud83d\udd39-pre-open-perforated-bag-machines\">\ud83d\udd39 <strong>Macchine per sacchi perforati pre-apertura<\/strong><\/h3>\n\n\n\n<ul class=\"wp-block-list\">\n<li>Sistema roll-to-roll con <strong>logica di pre-apertura<\/strong> per le linee di imbustamento automatico<\/li>\n\n\n\n<li>Packaging per il commercio elettronico, compatibile con il caricatore automatico<\/li>\n\n\n\n<li>Larghezza del sacco: 300-1200 mm | Lunghezza del rotolo: personalizzabile<\/li>\n\n\n\n<li>Comune in Turchia, Russia, Germania, Italia e negli hub di vendita al dettaglio del Medio Oriente.<\/li>\n<\/ul>\n\n\n\n<h3 class=\"wp-block-heading\" id=\"\ud83d\udd39-automatic-stretch-film-rewinders\">\ud83d\udd39 <strong>Avvolgitrici automatiche per film estensibile<\/strong><\/h3>\n\n\n\n<ul class=\"wp-block-list\">\n<li>Tratto Jumbo \u2192 bobine multiple piccole<\/li>\n\n\n\n<li>Azionamento a doppio motore, tensione programmabile<\/li>\n\n\n\n<li>Avvolgitrici automatiche per film estensibile con taglio opzionale (per doppia uscita)<\/li>\n\n\n\n<li>Ideale per il re-branding di marchi privati o la ridistribuzione regionale Ribobinatrici automatiche per film estensibile<\/li>\n<\/ul>\n\n\n\n<h3 class=\"wp-block-heading\" id=\"\ud83d\udd39-stretch-film-slitter-machines\">\ud83d\udd39 <strong>Macchine taglierine per film estensibile<\/strong><\/h3>\n\n\n\n<ul class=\"wp-block-list\">\n<li>Tagliare il rotolo gigante in 2 o 3 rotoli stretti<\/li>\n\n\n\n<li>Opzioni semiautomatiche e automatiche<\/li>\n\n\n\n<li>Comunemente utilizzato per l'avvolgimento di mobili, l'impacchettamento con termoretrazione e lo stiramento al dettaglio.<\/li>\n<\/ul>\n\n\n\n<h3 class=\"wp-block-heading\" id=\"\ud83d\udd39-courier-bag-converting-lines\">\ud83d\udd39 <strong>Linee di trasformazione di sacchetti per corrieri<\/strong><\/h3>\n\n\n\n<ul class=\"wp-block-list\">\n<li>Svolgimento \u2192 piega \u2192 saldatura \u2192 soffietto \u2192 posizionatore etichette<\/li>\n\n\n\n<li>Sistema roll-to-finished-bag<\/li>\n\n\n\n<li>Etichettatrice automatica o trasportatore di impilamento opzionale<\/li>\n\n\n\n<li>Mercato in rapida crescita in Turchia, Emirati Arabi Uniti, Brasile e Nigeria<\/li>\n<\/ul>\n\n\n\n<h2 class=\"wp-block-heading has-text-align-center\" id=\"output-types-you-can-manufacture\">Tipi di output che \u00e8 possibile produrre<\/h2>\n\n\n\n<figure class=\"wp-block-table\"><table class=\"has-fixed-layout\"><thead><tr><th>Tipo di prodotto<\/th><th>Descrizione \/ Tipo di acquirente<\/th><\/tr><\/thead><tbody><tr><td>Sacchetti su rotolo (perforati)<\/td><td>Sacchetti per l'immondizia, sacchetti per le magliette, sacchetti per i rotoli delle boutique<\/td><\/tr><tr><td>Bobine per film estensibile<\/td><td>Avvolgimento a mano, avvolgimento a macchina, senza nucleo<\/td><\/tr><tr><td>Foglietti termoretraibili<\/td><td>Copertura per pallet per la logistica<\/td><\/tr><tr><td>Borse per corrieri<\/td><td>Imballaggi per l'e-commerce, abilitati alla linea di strappo<\/td><\/tr><tr><td>Sacchetti perforati per impieghi gravosi<\/td><td>Imballaggi industriali, chimici e agricoli<\/td><\/tr><tr><td>Rotoli di film con soffietto<\/td><td>Sacchetti di conservazione multistrato, vassoi per la frutta<\/td><\/tr><\/tbody><\/table><\/figure>\n\n\n\n<h2 class=\"wp-block-heading has-text-align-center\" id=\"key-performance-metrics\">Metriche di prestazione chiave<\/h2>\n\n\n\n<figure class=\"wp-block-table\"><table class=\"has-fixed-layout\"><thead><tr><th><strong>Tipo di macchina<\/strong><\/th><th><strong>Velocit\u00e0 massima<\/strong><\/th><th><strong>Dimensioni del nucleo<\/strong><\/th><th><strong>Larghezza del film<\/strong><\/th><th><strong>Diametro del rotolo<\/strong><\/th><th><strong>Consumo di energia<\/strong><\/th><th><strong>Consumo d'aria<\/strong><\/th><\/tr><\/thead><tbody><tr><td><strong>Avvolgitore di film estensibile<\/strong><\/td><td>Fino a 1200 m\/min<\/td><td>\u00d838 mm, \u00d850 mm, \u00d876 mm<\/td><td>300-500 mm<\/td><td>Fino a 450 mm<\/td><td>Mediamente 6 kW<\/td><td>50 L\/min<\/td><\/tr><tr><td><strong>Avvolgitore pre-stiro<\/strong><\/td><td>Fino a 1200 m\/min<\/td><td>\u00d838 mm, \u00d850 mm, \u00d876 mm<\/td><td>300-500 mm<\/td><td>Fino a 450 mm<\/td><td>Mediamente 6 kW<\/td><td>50 L\/min<\/td><\/tr><tr><td><strong>Macchina per sacchi a rotolo<\/strong><\/td><td>Fino a 150 sacchi\/min<\/td><td>\u00d838 mm, \u00d850 mm, \u00d876 mm<\/td><td>300-500 mm<\/td><td>Fino a 450 mm<\/td><td>Mediamente 6 kW<\/td><td>50 L\/min<\/td><\/tr><tr><td><strong>Convertitore di borse per corrieri<\/strong><\/td><td>Fino a 120 sacchi\/min<\/td><td>\u00d838 mm, \u00d850 mm, \u00d876 mm<\/td><td>300-500 mm<\/td><td>Fino a 450 mm<\/td><td>Mediamente 6 kW<\/td><td>50 L\/min<\/td><\/tr><\/tbody><\/table><\/figure>\n\n\n\n<p>Nota: le specifiche si basano sugli standard industriali e possono variare a seconda delle configurazioni specifiche della macchina.<\/p>\n\n\n\n<h2 class=\"wp-block-heading has-text-align-center\" id=\"what-makes-smachco-different\">Cosa rende SMACHCO diversa?<\/h2>\n\n\n\n<p>Non ci limitiamo a inviarvi una brochure.<\/p>\n\n\n\n<p>Vi aiutiamo a pianificare lo stabilimento, a convalidare le specifiche della macchina, a ottimizzare la spedizione e a far funzionare la macchina con un'assistenza reale.<\/p>\n\n\n\n<p>Acquistando da SMACHCO, otterrete:<\/p>\n\n\n\n<ul class=\"wp-block-list\">\n<li>\u2714\ufe0f Spedizione CIF con documentazione commerciale completa<\/li>\n\n\n\n<li>\u2714\ufe0f Foto di ispezione in fabbrica + video prima del carico<\/li>\n\n\n\n<li>\u2714\ufe0f Opzioni di formazione per gli operatori: video, remoto o invio di un tecnico<\/li>\n\n\n\n<li>\u2714\ufe0f Accesso ai ricambi per motori, lame, cinghie, contatori e pannelli<\/li>\n\n\n\n<li>\u2714\ufe0f Pianificazione del layout (spazio, zone operatore, flusso di rotoli, elettricit\u00e0)<\/li>\n\n\n\n<li>\u2714\ufe0f Documentazione CE + disegni di installazione + cablaggio etichettato<\/li>\n<\/ul>\n\n\n\n<h2 class=\"wp-block-heading has-text-align-center\" id=\"where-our-machines-are-running\">Dove funzionano le nostre macchine<\/h2>\n\n\n\n<p>T\u00fcrkiye - Linea di sacchi per corriere per un esportatore a marchio privato<\/p>\n\n\n\n<p>Arabia Saudita - ribobinatrice di sacchi a doppia perforazione per la logistica dell'e-commerce<\/p>\n\n\n\n<p>Makedonia - Linea di riavvolgimento stretch sovradimensionata per distributore di plastica<\/p>\n\n\n\n<p>Romania - convertitore di sacchetti pre-apertura per la vendita al dettaglio in rapida evoluzione<\/p>\n\n\n\n<p>Germania - Sistema modulare per sacchi per rifiuti forniti dal governo<\/p>\n\n\n\n<p>Rusia - sacchi a soffietto per impieghi gravosi per gli appaltatori municipali<\/p>\n\n\n\n<h2 class=\"wp-block-heading has-text-align-center\" id=\"ready-to-build-your-converting-line\">Siete pronti a costruire la vostra linea di conversione?<\/h2>\n\n\n\n<p>Ecco cosa ci serve per preparare il vostro layout + l'offerta:<\/p>\n\n\n\n<ul class=\"wp-block-list\">\n<li>Tipo di prodotto: stretch, borsa per corriere, borsa perforata, ecc.<\/li>\n\n\n\n<li>Dimensioni del rotolo: larghezza, diametro, anima<\/li>\n\n\n\n<li>Produzione desiderata per turno o per rotolo<\/li>\n\n\n\n<li>Spazio disponibile (lunghezza \u00d7 larghezza)<\/li>\n\n\n\n<li>Porta di destinazione<\/li>\n\n\n\n<li>Specifiche di potenza (V\/Hz\/fase)<\/li>\n<\/ul>\n\n\n\n<p>Spediremo:<\/p>\n\n\n\n<ul class=\"wp-block-list\">\n<li>\u2714\ufe0f Layout 2D + flusso operatore<\/li>\n\n\n\n<li>\u2714\ufe0f Scheda tecnica della macchina + opzioni<\/li>\n\n\n\n<li>\u2714\ufe0f Prezzi CIF<\/li>\n\n\n\n<li>\u2714\ufe0f Piano di carico (ripartizione dei container)<\/li>\n\n\n\n<li>\u2714\ufe0f Requisiti elettrici e dell'aria<\/li>\n<\/ul>\n\n\n\n<h2 class=\"wp-block-heading has-text-align-center\" id=\"talk-to-smachco\">Parla con SMACHCO<\/h2>\n\n\n\n<p>\ud83d\udce7 <a class=\"\" href=\"mailto:hello@smachco.com\">hello@smachco.com<\/a><br>\ud83d\udcde +90 505 694 21 40<br>\ud83c\udf0d <a class=\"\" href=\"http:\/\/www.smachco.com\/it\/\">www.smachco.com<\/a><\/p>\n\n\n\n<blockquote class=\"wp-block-quote is-layout-flow wp-block-quote-is-layout-flow\">\n<p>SMACHCO non \u00e8 il solito esportatore di macchine cinematografiche.<br>Siamo il partner che si assicura che la vostra macchina vi ripaghi effettivamente.<\/p>\n<\/blockquote>","protected":false},"excerpt":{"rendered":"<p>Precision Machines for Film, Bags, and Web-Based Packaging Solutions Delivered Globally by SMACHCO | CIF-Ready &amp; Factory-Tested We Don\u2019t Just Sell Film Machinery. We Power Packaging Plants. At SMACHCO, we supply roll-to-roll converting machine systems engineered to turn jumbo rolls into finished products: bags on roll, stretch film bobbins, courier packs, shrink sheets, pallet covers, [&hellip;]<\/p>","protected":false},"author":1,"featured_media":0,"parent":0,"menu_order":0,"comment_status":"closed","ping_status":"closed","template":"","meta":{"_acf_changed":false,"postBodyCss":"","postBodyMargin":[],"postBodyPadding":[],"postBodyBackground":{"backgroundType":"classic","gradient":""},"_themeisle_gutenberg_block_has_review":false,"footnotes":""},"class_list":["post-678","page","type-page","status-publish","hentry"],"acf":[],"_links":{"self":[{"href":"https:\/\/www.smachco.com\/it\/wp-json\/wp\/v2\/pages\/678","targetHints":{"allow":["GET"]}}],"collection":[{"href":"https:\/\/www.smachco.com\/it\/wp-json\/wp\/v2\/pages"}],"about":[{"href":"https:\/\/www.smachco.com\/it\/wp-json\/wp\/v2\/types\/page"}],"author":[{"embeddable":true,"href":"https:\/\/www.smachco.com\/it\/wp-json\/wp\/v2\/users\/1"}],"replies":[{"embeddable":true,"href":"https:\/\/www.smachco.com\/it\/wp-json\/wp\/v2\/comments?post=678"}],"version-history":[{"count":0,"href":"https:\/\/www.smachco.com\/it\/wp-json\/wp\/v2\/pages\/678\/revisions"}],"wp:attachment":[{"href":"https:\/\/www.smachco.com\/it\/wp-json\/wp\/v2\/media?parent=678"}],"curies":[{"name":"wp","href":"https:\/\/api.w.org\/{rel}","templated":true}]}}